{"id":127,"date":"2021-11-23T15:00:06","date_gmt":"2021-11-23T15:00:06","guid":{"rendered":"https:\/\/allmandring-23.de\/?page_id=127"},"modified":"2022-01-22T13:07:12","modified_gmt":"2022-01-22T13:07:12","slug":"kinotutorium","status":"publish","type":"page","link":"https:\/\/allmandring-23.de\/de_de\/kinotutorium\/","title":{"rendered":"Kinotutorium"},"content":{"rendered":"\n<div class=\"wp-block-columns is-layout-flex wp-container-core-columns-is-layout-9d6595d7 wp-block-columns-is-layout-flex\">\n<div class=\"wp-block-column is-layout-flow wp-block-column-is-layout-flow\" style=\"flex-basis:33.33%\">\n<figure class=\"wp-block-image size-full\"><img loading=\"lazy\" decoding=\"async\" width=\"703\" height=\"684\" src=\"https:\/\/allmandring-23.de\/wp-content\/uploads\/2021\/11\/kino3.png\" alt=\"\" class=\"wp-image-177\" srcset=\"https:\/\/allmandring-23.de\/wp-content\/uploads\/2021\/11\/kino3.png 703w, https:\/\/allmandring-23.de\/wp-content\/uploads\/2021\/11\/kino3-300x292.png 300w\" sizes=\"auto, (max-width: 703px) 100vw, 703px\" \/><\/figure>\n<\/div>\n\n\n\n<div class=\"wp-block-column is-layout-flow wp-block-column-is-layout-flow\" style=\"flex-basis:66.66%\">\n<p>Das Kinoraum Tutorium vermietet den Kinoraum im Allmandring 26B gegen eine Kaution von 50 Euro an alle Studenten aus dem Allmandring 2 und 3. Der Raum eignet sich Ideal zum Filme schauen mit seiner 5.1 Surround Sound Anlage, Beamer, Leinwand und passenden Abspielger\u00e4ten. Auch eine Playstation 4 Pro sowie eine Nintendo Switch stehen f\u00fcr zum Beispiel Spieleabende zur Verf\u00fcgung.<\/p>\n\n\n\n<p>Der Raum wird nicht f\u00fcr Partys&nbsp;vergeben!<\/p>\n<\/div>\n<\/div>\n\n\n\n<p>Anfragen per Mail:<\/p>\n\n\n\n<ul class=\"wp-block-social-links is-style-default is-layout-flex wp-block-social-links-is-layout-flex\"><li class=\"wp-social-link wp-social-link-mail  wp-block-social-link\"><a href=\"mailto:k&#105;n&#111;&#046;&#097;l&#108;&#109;&#097;ndr&#105;ng2&#051;&#064;g&#109;&#097;&#105;l&#046;&#099;o&#109;\" class=\"wp-block-social-link-anchor\"><svg width=\"24\" height=\"24\" viewBox=\"0 0 24 24\" version=\"1.1\" xmlns=\"http:\/\/www.w3.org\/2000\/svg\" aria-hidden=\"true\" focusable=\"false\"><path d=\"M19,5H5c-1.1,0-2,.9-2,2v10c0,1.1.9,2,2,2h14c1.1,0,2-.9,2-2V7c0-1.1-.9-2-2-2zm.5,12c0,.3-.2.5-.5.5H5c-.3,0-.5-.2-.5-.5V9.8l7.5,5.6,7.5-5.6V17zm0-9.1L12,13.6,4.5,7.9V7c0-.3.2-.5.5-.5h14c.3,0,.5.2.5.5v.9z\"><\/path><\/svg><span class=\"wp-block-social-link-label screen-reader-text\">Mail<\/span><\/a><\/li><\/ul>\n\n\n\n<p>kino.allmandring23(at)gmail.com <\/p>\n\n\n\n<iframe loading=\"lazy\" src=\"https:\/\/calendar.google.com\/calendar\/embed?src=d2o19m4tpj4b9ls7s48gh2006g%40group.calendar.google.com&#038;ctz=Europe%2FBerlin\" style=\"border: 0\" width=\"800\" height=\"600\" frameborder=\"0\" scrolling=\"no\"><\/iframe>\n","protected":false},"excerpt":{"rendered":"<p>Das Kinoraum Tutorium vermietet den Kinoraum im Allmandring 26B gegen eine Kaution von 50 Euro an alle Studenten aus dem Allmandring 2 und 3. Der Raum eignet sich Ideal zum Filme schauen mit seiner 5.1 Surround Sound Anlage, Beamer, Leinwand und passenden Abspielger\u00e4ten. Auch eine Playstation 4 Pro sowie eine Nintendo Switch stehen f\u00fcr zum [&hellip;]<\/p>\n","protected":false},"author":1,"featured_media":0,"parent":0,"menu_order":0,"comment_status":"closed","ping_status":"closed","template":"","meta":{"footnotes":""},"class_list":["post-127","page","type-page","status-publish","hentry"],"_links":{"self":[{"href":"https:\/\/allmandring-23.de\/de_de\/wp-json\/wp\/v2\/pages\/127","targetHints":{"allow":["GET"]}}],"collection":[{"href":"https:\/\/allmandring-23.de\/de_de\/wp-json\/wp\/v2\/pages"}],"about":[{"href":"https:\/\/allmandring-23.de\/de_de\/wp-json\/wp\/v2\/types\/page"}],"author":[{"embeddable":true,"href":"https:\/\/allmandring-23.de\/de_de\/wp-json\/wp\/v2\/users\/1"}],"replies":[{"embeddable":true,"href":"https:\/\/allmandring-23.de\/de_de\/wp-json\/wp\/v2\/comments?post=127"}],"version-history":[{"count":8,"href":"https:\/\/allmandring-23.de\/de_de\/wp-json\/wp\/v2\/pages\/127\/revisions"}],"predecessor-version":[{"id":299,"href":"https:\/\/allmandring-23.de\/de_de\/wp-json\/wp\/v2\/pages\/127\/revisions\/299"}],"wp:attachment":[{"href":"https:\/\/allmandring-23.de\/de_de\/wp-json\/wp\/v2\/media?parent=127"}],"curies":[{"name":"wp","href":"https:\/\/api.w.org\/{rel}","templated":true}]}}