{"id":151,"date":"2021-11-23T15:43:21","date_gmt":"2021-11-23T15:43:21","guid":{"rendered":"https:\/\/allmandring-23.de\/?page_id=151"},"modified":"2021-11-23T15:49:08","modified_gmt":"2021-11-23T15:49:08","slug":"wohnen","status":"publish","type":"page","link":"https:\/\/allmandring-23.de\/de_de\/wohnen\/","title":{"rendered":"Wohnen"},"content":{"rendered":"\n<p>Die beiden benachbarten Studentenwohnheime Allmandring 2 und 3 befinden sich auf dem Campus Vaihingen zwischen den Uni-Sportanlagen und dem Wohnheim Allmandring 1.<br>W\u00e4hrend Allmandring 2 mit jeweils vier Geb\u00e4ude die Hausnummern 24A-D beinhaltet, stehen die Hausnummern 26A-D f\u00fcr Allmandring 3. Da beide Wohnheime im gleichen Jahr entstanden, sehr bau\u00e4hnlich sind und so eng beieinander liegen, wird oftmals nicht zwischen Komplex 2 und 3 unterschieden.<\/p>\n\n\n\n<p>Beide Anlagen wurden 1993 gebaut und umfassen zusammen genau 500 Einzelzimmer, jeweils mit einer Durchschnittsfl\u00e4che von 12m\u00b2. \u00dcberwiegend gibt es 4er und 5er WGs, seltener sind 2er WGs.<br>In jeder WG gibt es einen Balkon oder eine Terrasse und in der Regel auch ein zugeh\u00f6riges Kellerabteil.<\/p>\n\n\n\n<p>Was euch \u2013 objektiv betrachtet \u2013 kein anderes Wohnheim bieten kann, ist zum Einen die N\u00e4he zur Sportanlage 50m weiter und zum Netto am Kreisverkehr weiter s\u00fcdlich, und zum Anderen auch die direkt angrenzenden Gr\u00fcnfl\u00e4chen, ein kleiner See und der Pfaffenwald Richtung B\u00fcsnau.<\/p>\n\n\n\n<p>Au\u00dferdem sind wir umgeben von Studentenbars: Auf dem Campus gibt es zum Beispiel das\u00a0<a href=\"https:\/\/www.unithekle.de\/\">Unithekle<\/a>, den\u00a0Studentenclub Boddschamber,\u00a0 den\u00a0goldenen Trichter\u00a0oder die\u00a0WuBar!<\/p>\n","protected":false},"excerpt":{"rendered":"<p>Die beiden benachbarten Studentenwohnheime Allmandring 2 und 3 befinden sich auf dem Campus Vaihingen zwischen den Uni-Sportanlagen und dem Wohnheim Allmandring 1.W\u00e4hrend Allmandring 2 mit jeweils vier Geb\u00e4ude die Hausnummern 24A-D beinhaltet, stehen die Hausnummern 26A-D f\u00fcr Allmandring 3. Da beide Wohnheime im gleichen Jahr entstanden, sehr bau\u00e4hnlich sind und so eng beieinander liegen, wird [&hellip;]<\/p>\n","protected":false},"author":1,"featured_media":0,"parent":0,"menu_order":0,"comment_status":"closed","ping_status":"closed","template":"","meta":{"footnotes":""},"class_list":["post-151","page","type-page","status-publish","hentry"],"_links":{"self":[{"href":"https:\/\/allmandring-23.de\/de_de\/wp-json\/wp\/v2\/pages\/151","targetHints":{"allow":["GET"]}}],"collection":[{"href":"https:\/\/allmandring-23.de\/de_de\/wp-json\/wp\/v2\/pages"}],"about":[{"href":"https:\/\/allmandring-23.de\/de_de\/wp-json\/wp\/v2\/types\/page"}],"author":[{"embeddable":true,"href":"https:\/\/allmandring-23.de\/de_de\/wp-json\/wp\/v2\/users\/1"}],"replies":[{"embeddable":true,"href":"https:\/\/allmandring-23.de\/de_de\/wp-json\/wp\/v2\/comments?post=151"}],"version-history":[{"count":2,"href":"https:\/\/allmandring-23.de\/de_de\/wp-json\/wp\/v2\/pages\/151\/revisions"}],"predecessor-version":[{"id":159,"href":"https:\/\/allmandring-23.de\/de_de\/wp-json\/wp\/v2\/pages\/151\/revisions\/159"}],"wp:attachment":[{"href":"https:\/\/allmandring-23.de\/de_de\/wp-json\/wp\/v2\/media?parent=151"}],"curies":[{"name":"wp","href":"https:\/\/api.w.org\/{rel}","templated":true}]}}