{"id":43,"date":"2021-11-14T22:29:41","date_gmt":"2021-11-14T22:29:41","guid":{"rendered":"https:\/\/allmandring-23.de\/?page_id=43"},"modified":"2023-07-10T16:08:02","modified_gmt":"2023-07-10T16:08:02","slug":"werkstattutorium","status":"publish","type":"page","link":"https:\/\/allmandring-23.de\/de_de\/werkstattutorium\/","title":{"rendered":"Werkstatttutorium"},"content":{"rendered":"\n<div class=\"wp-block-columns is-layout-flex wp-container-core-columns-is-layout-9d6595d7 wp-block-columns-is-layout-flex\">\n<div class=\"wp-block-column is-layout-flow wp-block-column-is-layout-flow\" style=\"flex-basis:33.33%\">\n<figure class=\"wp-block-image size-full\"><img loading=\"lazy\" decoding=\"async\" width=\"688\" height=\"682\" src=\"https:\/\/allmandring-23.de\/wp-content\/uploads\/2021\/11\/Werkstatt3.png\" alt=\"\" class=\"wp-image-179\" srcset=\"https:\/\/allmandring-23.de\/wp-content\/uploads\/2021\/11\/Werkstatt3.png 688w, https:\/\/allmandring-23.de\/wp-content\/uploads\/2021\/11\/Werkstatt3-300x297.png 300w, https:\/\/allmandring-23.de\/wp-content\/uploads\/2021\/11\/Werkstatt3-150x150.png 150w\" sizes=\"auto, (max-width: 688px) 100vw, 688px\" \/><\/figure>\n<\/div>\n\n\n\n<div class=\"wp-block-column is-layout-flow wp-block-column-is-layout-flow\" style=\"flex-basis:66.66%\">\n<p>Ist das Fahrrad schon wieder kaputt, der Laptop will nicht mehr oder eine andere Bastelei steht an? Du hast aber gerade kein passendes Werkzeug am Start? Kein Problem!<\/p>\n\n\n\n<p>Im Keller des Allmandring 26 B befindet sich eine Werkstatt, die von allen Bewohnern der Wohnanlagen Allmandring 2 und 3 kostenlos genutzt werden kann. Dort stehen diverse Werkzeuge f\u00fcr kleine und gro\u00dfe Reparaturen, Bastelprojekte etc. zur Verf\u00fcgung. Die genaue Inventarliste kann hier eingesehen werden:<\/p>\n\n\n\n<div class=\"wp-block-file\"><a id=\"wp-block-file--media-e53280bf-7554-40ea-bfc3-80f43e269b5f\" href=\"https:\/\/allmandring-23.de\/wp-content\/uploads\/2022\/02\/Inventarliste-Werkstatt_25.01.2022_deu_eng_website.pdf\">Inventarliste-Werkstatt_25.01.2022_deu_eng_website<\/a><a href=\"https:\/\/allmandring-23.de\/wp-content\/uploads\/2022\/02\/Inventarliste-Werkstatt_25.01.2022_deu_eng_website.pdf\" class=\"wp-block-file__button wp-element-button\" download aria-describedby=\"wp-block-file--media-e53280bf-7554-40ea-bfc3-80f43e269b5f\">Herunterladen<\/a><\/div>\n\n\n\n<p>F\u00fcr <strong>Fahrradreparaturen<\/strong> empfehlen wir auch die Fahrradstation in der Uni-Mensa (<a href=\"https:\/\/maps.app.goo.gl\/62gipAaVpwY5VCB56\">Position in Google Maps<\/a>). Dort gibt es Luft, verschiedene Werkzeuge und einen Fahrradhalter. So bist du unabh\u00e4ngig davon, wann die Tutoren Zeit haben, Schl\u00fcssel auszugeben und wieder abzuholen. <\/p>\n\n\n\n<p>Um den Schl\u00fcssel f\u00fcr die Werkstatt zu bekommen oder einzelne Werkzeuge auszuleihen, schreibe einfach eine Mail an die Werkstatttutoren. Daf\u00fcr muss eine Kaution hinterlegt und die Benutzungsordnung akzeptiert werden:<\/p>\n\n\n\n<div class=\"wp-block-file\"><a id=\"wp-block-file--media-205080bc-42ca-41ed-9555-003b807d7f1d\" href=\"https:\/\/allmandring-23.de\/wp-content\/uploads\/2021\/11\/Benutzerordnung-der-Werkstatt_de_en.pdf\">Benutzerordnung-der-Werkstatt_de_en<\/a><a href=\"https:\/\/allmandring-23.de\/wp-content\/uploads\/2021\/11\/Benutzerordnung-der-Werkstatt_de_en.pdf\" class=\"wp-block-file__button wp-element-button\" download aria-describedby=\"wp-block-file--media-205080bc-42ca-41ed-9555-003b807d7f1d\">Herunterladen<\/a><\/div>\n<\/div>\n<\/div>\n\n\n\n<p>Anfragen per Mail:<\/p>\n\n\n\n<ul class=\"wp-block-social-links is-style-default is-layout-flex wp-block-social-links-is-layout-flex\"><li class=\"wp-social-link wp-social-link-mail  wp-block-social-link\"><a href=\"mailto:we&#114;&#107;s&#116;&#097;&#116;&#116;.&#097;r23&#064;&#103;ma&#105;&#108;&#046;c&#111;&#109;\" class=\"wp-block-social-link-anchor\"><svg width=\"24\" height=\"24\" viewBox=\"0 0 24 24\" version=\"1.1\" xmlns=\"http:\/\/www.w3.org\/2000\/svg\" aria-hidden=\"true\" focusable=\"false\"><path d=\"M19,5H5c-1.1,0-2,.9-2,2v10c0,1.1.9,2,2,2h14c1.1,0,2-.9,2-2V7c0-1.1-.9-2-2-2zm.5,12c0,.3-.2.5-.5.5H5c-.3,0-.5-.2-.5-.5V9.8l7.5,5.6,7.5-5.6V17zm0-9.1L12,13.6,4.5,7.9V7c0-.3.2-.5.5-.5h14c.3,0,.5.2.5.5v.9z\"><\/path><\/svg><span class=\"wp-block-social-link-label screen-reader-text\">Mail<\/span><\/a><\/li><\/ul>\n\n\n\n<p> werkstatt.ar23(at)gmail.com <\/p>\n","protected":false},"excerpt":{"rendered":"<p>Ist das Fahrrad schon wieder kaputt, der Laptop will nicht mehr oder eine andere Bastelei steht an? Du hast aber gerade kein passendes Werkzeug am Start? Kein Problem! Im Keller des Allmandring 26 B befindet sich eine Werkstatt, die von allen Bewohnern der Wohnanlagen Allmandring 2 und 3 kostenlos genutzt werden kann. Dort stehen diverse [&hellip;]<\/p>\n","protected":false},"author":1,"featured_media":0,"parent":0,"menu_order":0,"comment_status":"closed","ping_status":"closed","template":"","meta":{"footnotes":""},"class_list":["post-43","page","type-page","status-publish","hentry"],"_links":{"self":[{"href":"https:\/\/allmandring-23.de\/de_de\/wp-json\/wp\/v2\/pages\/43","targetHints":{"allow":["GET"]}}],"collection":[{"href":"https:\/\/allmandring-23.de\/de_de\/wp-json\/wp\/v2\/pages"}],"about":[{"href":"https:\/\/allmandring-23.de\/de_de\/wp-json\/wp\/v2\/types\/page"}],"author":[{"embeddable":true,"href":"https:\/\/allmandring-23.de\/de_de\/wp-json\/wp\/v2\/users\/1"}],"replies":[{"embeddable":true,"href":"https:\/\/allmandring-23.de\/de_de\/wp-json\/wp\/v2\/comments?post=43"}],"version-history":[{"count":11,"href":"https:\/\/allmandring-23.de\/de_de\/wp-json\/wp\/v2\/pages\/43\/revisions"}],"predecessor-version":[{"id":341,"href":"https:\/\/allmandring-23.de\/de_de\/wp-json\/wp\/v2\/pages\/43\/revisions\/341"}],"wp:attachment":[{"href":"https:\/\/allmandring-23.de\/de_de\/wp-json\/wp\/v2\/media?parent=43"}],"curies":[{"name":"wp","href":"https:\/\/api.w.org\/{rel}","templated":true}]}}