{"id":5,"date":"2021-11-14T13:39:37","date_gmt":"2021-11-14T13:39:37","guid":{"rendered":"https:\/\/allmandring-23.de\/?page_id=5"},"modified":"2026-03-03T19:24:17","modified_gmt":"2026-03-03T19:24:17","slug":"create-your-website-with-blocks","status":"publish","type":"page","link":"https:\/\/allmandring-23.de\/de_de\/","title":{"rendered":"Allmandring 2\/3"},"content":{"rendered":"\n<h2 class=\"wp-block-heading alignwide has-text-align-wide has-gigantic-font-size\" style=\"line-height:1.1\">Wohnheimtutorium Allmandring 2\/3 e.V.<\/h2>\n\n\n\n<p><\/p>\n\n\n\n<p>Hallo liebe Mitbewohnerinnen und Mitbewohner,<br>wir vom Tutorium m\u00f6chten uns allen das Leben im Wohnheim noch sch\u00f6ner bereiten als bisher. Hierf\u00fcr haben wir Wohnheimtutorien gegr\u00fcndet, die uns Werkzeug, Partyzubeh\u00f6r, Spiele und Sportartikel kostenlos zum Verleihbereitstellen. Daf\u00fcr meldet Ihr euch einfach beim zust\u00e4ndigen Tutorium. Zudem veranstalten wir j\u00e4hrlich unsere legend\u00e4ren Wohnheimfeste <strong>Sommergl\u00fch&#8217;n<\/strong> und <strong>Wintergl\u00fch&#8217;n<\/strong>.<br>Wir treffen uns jeden Dienstag um 19:30 Uhr im Kinokeller des Allmandring 26B und freuen uns auf neue Mitglieder! Hierf\u00fcr k\u00f6nnt Ihr uns einfach eine Mail schreiben oder bei unseren w\u00f6chentlichen Treffen vorbei schauen. <\/p>\n\n\n\n<p>Euer Engagement als Tutor wird mit netter Gesellschaft, Freigetr\u00e4nken und Wohnzeitverl\u00e4ngerung belohnt!<\/p>\n\n\n<div class=\"wp-block-image\">\n<figure class=\"alignleft size-large\"><img loading=\"lazy\" decoding=\"async\" width=\"1024\" height=\"561\" src=\"https:\/\/allmandring-23.de\/wp-content\/uploads\/2021\/11\/20210612_185712-1024x561.jpg\" alt=\"\" class=\"wp-image-185\" srcset=\"https:\/\/allmandring-23.de\/wp-content\/uploads\/2021\/11\/20210612_185712-1024x561.jpg 1024w, https:\/\/allmandring-23.de\/wp-content\/uploads\/2021\/11\/20210612_185712-300x164.jpg 300w, https:\/\/allmandring-23.de\/wp-content\/uploads\/2021\/11\/20210612_185712-768x421.jpg 768w, https:\/\/allmandring-23.de\/wp-content\/uploads\/2021\/11\/20210612_185712-1536x841.jpg 1536w, https:\/\/allmandring-23.de\/wp-content\/uploads\/2021\/11\/20210612_185712-2048x1121.jpg 2048w\" sizes=\"auto, (max-width: 1024px) 100vw, 1024px\" \/><figcaption class=\"wp-element-caption\"><em>Foto by Irini Maria Malegiannaki<\/em><\/figcaption><\/figure>\n<\/div>","protected":false},"excerpt":{"rendered":"<p>Wohnheimtutorium Allmandring 2\/3 e.V. Hallo liebe Mitbewohnerinnen und Mitbewohner,wir vom Tutorium m\u00f6chten uns allen das Leben im Wohnheim noch sch\u00f6ner bereiten als bisher. Hierf\u00fcr haben wir Wohnheimtutorien gegr\u00fcndet, die uns Werkzeug, Partyzubeh\u00f6r, Spiele und Sportartikel kostenlos zum Verleihbereitstellen. Daf\u00fcr meldet Ihr euch einfach beim zust\u00e4ndigen Tutorium. Zudem veranstalten wir j\u00e4hrlich unsere legend\u00e4ren Wohnheimfeste Sommergl\u00fch&#8217;n und [&hellip;]<\/p>\n","protected":false},"author":1,"featured_media":0,"parent":0,"menu_order":0,"comment_status":"closed","ping_status":"closed","template":"","meta":{"footnotes":""},"class_list":["post-5","page","type-page","status-publish","hentry"],"_links":{"self":[{"href":"https:\/\/allmandring-23.de\/de_de\/wp-json\/wp\/v2\/pages\/5","targetHints":{"allow":["GET"]}}],"collection":[{"href":"https:\/\/allmandring-23.de\/de_de\/wp-json\/wp\/v2\/pages"}],"about":[{"href":"https:\/\/allmandring-23.de\/de_de\/wp-json\/wp\/v2\/types\/page"}],"author":[{"embeddable":true,"href":"https:\/\/allmandring-23.de\/de_de\/wp-json\/wp\/v2\/users\/1"}],"replies":[{"embeddable":true,"href":"https:\/\/allmandring-23.de\/de_de\/wp-json\/wp\/v2\/comments?post=5"}],"version-history":[{"count":17,"href":"https:\/\/allmandring-23.de\/de_de\/wp-json\/wp\/v2\/pages\/5\/revisions"}],"predecessor-version":[{"id":528,"href":"https:\/\/allmandring-23.de\/de_de\/wp-json\/wp\/v2\/pages\/5\/revisions\/528"}],"wp:attachment":[{"href":"https:\/\/allmandring-23.de\/de_de\/wp-json\/wp\/v2\/media?parent=5"}],"curies":[{"name":"wp","href":"https:\/\/api.w.org\/{rel}","templated":true}]}}