{"id":151,"date":"2021-11-23T15:43:21","date_gmt":"2021-11-23T15:43:21","guid":{"rendered":"https:\/\/allmandring-23.de\/?page_id=151"},"modified":"2021-11-23T15:49:08","modified_gmt":"2021-11-23T15:49:08","slug":"wohnen","status":"publish","type":"page","link":"https:\/\/allmandring-23.de\/en\/wohnen\/","title":{"rendered":"Living"},"content":{"rendered":"<p class=\"translation-block\">The two neighbouring halls of residence, Allmandring 2 and 3, are located on the Vaihingen campus between the university sports facilities and the halls of residence Allmandring 1.<br>While Allmandring 2, with four buildings each, contains house numbers 24A-D, house numbers 26A-D represent Allmandring 3. Since both halls of residence were built in the same year, are very similar in construction and are located so close to each other, a distinction is often not made between complex 2 and 3.<\/p>\n\n\n\n<p class=\"translation-block\">Both complexes were built in 1993 and together comprise exactly 500 single rooms, each with an average area of 12m\u00b2. The majority of the flatshares are for 4 or 5 people, but there are fewer flatshares for 2 people.<br>Each flatshare has a balcony or terrace and usually also a cellar compartment.<\/p>\n\n\n\n<p>What no other hall of residence can offer you - objectively speaking - is, on the one hand, the proximity to the sports facility 50m further on and to the Netto at the roundabout further south, and on the other hand, the directly adjacent green spaces, a small lake and the Pfaffenwald in the direction of B\u00fcsnau.<\/p>\n\n\n\n<p class=\"translation-block\">We are also surrounded by student bars: On campus there is for example the <a href=\"https:\/\/www.unithekle.de\/\" target=\"_self\">Unithekle<\/a>, the student club Boddschamber, the golden Trichter or the WuBar!<\/p>","protected":false},"excerpt":{"rendered":"<p>Die beiden benachbarten Studentenwohnheime Allmandring 2 und 3 befinden sich auf dem Campus Vaihingen zwischen den Uni-Sportanlagen und dem Wohnheim Allmandring 1.W\u00e4hrend Allmandring 2 mit jeweils vier Geb\u00e4ude die Hausnummern 24A-D beinhaltet, stehen die Hausnummern 26A-D f\u00fcr Allmandring 3. Da beide Wohnheime im gleichen Jahr entstanden, sehr bau\u00e4hnlich sind und so eng beieinander liegen, wird [&hellip;]<\/p>\n","protected":false},"author":1,"featured_media":0,"parent":0,"menu_order":0,"comment_status":"closed","ping_status":"closed","template":"","meta":{"footnotes":""},"class_list":["post-151","page","type-page","status-publish","hentry"],"_links":{"self":[{"href":"https:\/\/allmandring-23.de\/en\/wp-json\/wp\/v2\/pages\/151","targetHints":{"allow":["GET"]}}],"collection":[{"href":"https:\/\/allmandring-23.de\/en\/wp-json\/wp\/v2\/pages"}],"about":[{"href":"https:\/\/allmandring-23.de\/en\/wp-json\/wp\/v2\/types\/page"}],"author":[{"embeddable":true,"href":"https:\/\/allmandring-23.de\/en\/wp-json\/wp\/v2\/users\/1"}],"replies":[{"embeddable":true,"href":"https:\/\/allmandring-23.de\/en\/wp-json\/wp\/v2\/comments?post=151"}],"version-history":[{"count":2,"href":"https:\/\/allmandring-23.de\/en\/wp-json\/wp\/v2\/pages\/151\/revisions"}],"predecessor-version":[{"id":159,"href":"https:\/\/allmandring-23.de\/en\/wp-json\/wp\/v2\/pages\/151\/revisions\/159"}],"wp:attachment":[{"href":"https:\/\/allmandring-23.de\/en\/wp-json\/wp\/v2\/media?parent=151"}],"curies":[{"name":"wp","href":"https:\/\/api.w.org\/{rel}","templated":true}]}}