{"id":44,"date":"2021-11-14T22:29:41","date_gmt":"2021-11-14T22:29:41","guid":{"rendered":"https:\/\/allmandring-23.de\/?page_id=44"},"modified":"2021-11-30T20:10:56","modified_gmt":"2021-11-30T20:10:56","slug":"partytutorium","status":"publish","type":"page","link":"https:\/\/allmandring-23.de\/en\/partytutorium\/","title":{"rendered":"Party tutorial"},"content":{"rendered":"<div class=\"wp-block-columns is-layout-flex wp-container-core-columns-is-layout-9d6595d7 wp-block-columns-is-layout-flex\">\n<div class=\"wp-block-column is-layout-flow wp-block-column-is-layout-flow\" style=\"flex-basis:33.33%\">\n<figure class=\"wp-block-image size-full\"><img loading=\"lazy\" decoding=\"async\" width=\"708\" height=\"687\" src=\"https:\/\/allmandring-23.de\/wp-content\/uploads\/2021\/11\/Party3.jpg\" alt=\"\" class=\"wp-image-170\" srcset=\"https:\/\/allmandring-23.de\/wp-content\/uploads\/2021\/11\/Party3.jpg 708w, https:\/\/allmandring-23.de\/wp-content\/uploads\/2021\/11\/Party3-300x291.jpg 300w\" sizes=\"auto, (max-width: 708px) 100vw, 708px\" \/><\/figure>\n<\/div>\n\n\n\n<div class=\"wp-block-column is-layout-flow wp-block-column-is-layout-flow\" style=\"flex-basis:66.66%\">\n<p class=\"translation-block\">Is it time for the next flat-sharing party, a quiet barbecue or watching football with friends? But you don't have the right equipment at hand? No problem!<br>The party tutorial provides residents of the Allmandring 2 and 3 halls of residence with a variety of useful items and equipment free of charge to make your next birthday party a hit. From beer table sets to barbecues and lights to a music system, we have a lot to offer. The exact inventory list can be found here:<\/p>\n\n\n\n<div class=\"wp-block-file\"><a href=\"https:\/\/allmandring-23.de\/wp-content\/uploads\/2021\/11\/Partytutorium-Inventarliste_nov_2021.pdf\">Partytutorium-Inventarliste_nov_2021<\/a><a href=\"https:\/\/allmandring-23.de\/wp-content\/uploads\/2021\/11\/Partytutorium-Inventarliste_nov_2021.pdf\" class=\"wp-block-file__button\" download>Download<\/a><\/div>\n\n\n\n<p>To borrow items, it's best to write an email or drop by one of the party tutors. The current tutors can be found on the display boards at the entrances. For a deposit, you can then borrow the equipment you want, if it is available at the time.<\/p>\n\n\n\n<p><\/p>\n\n\n\n<p>We rent out the roof terraces on the four houses of Allmandring 2. If you are interested, just get in touch with us.<\/p>\n\n\n\n<p>The party tutorial is looking forward to seeing you!<\/p>\n<\/div>\n<\/div>\n\n\n\n<p><span class=\"has-inline-color has-black-color\">Enquiries by mail:<\/span> <\/p>\n\n\n\n<div class=\"wp-block-group\"><div class=\"wp-block-group__inner-container is-layout-flow wp-block-group-is-layout-flow\">\n<ul class=\"wp-block-social-links has-normal-icon-size is-layout-flex wp-block-social-links-is-layout-flex\"><li class=\"wp-social-link wp-social-link-mail  wp-block-social-link\"><a href=\"mailto:par&#116;y.&#097;&#108;l&#109;an&#100;rin&#103;&#050;&#051;&#064;gma&#105;&#108;.co&#109;\" class=\"wp-block-social-link-anchor\"><svg width=\"24\" height=\"24\" viewbox=\"0 0 24 24\" version=\"1.1\" xmlns=\"http:\/\/www.w3.org\/2000\/svg\" aria-hidden=\"true\" focusable=\"false\"><path d=\"M19,5H5c-1.1,0-2,.9-2,2v10c0,1.1.9,2,2,2h14c1.1,0,2-.9,2-2V7c0-1.1-.9-2-2-2zm.5,12c0,.3-.2.5-.5.5H5c-.3,0-.5-.2-.5-.5V9.8l7.5,5.6,7.5-5.6V17zm0-9.1L12,13.6,4.5,7.9V7c0-.3.2-.5.5-.5h14c.3,0,.5.2.5.5v.9z\"><\/path><\/svg><span class=\"wp-block-social-link-label screen-reader-text\">Mail<\/span><\/a><\/li><\/ul>\n<\/div><\/div>\n\n\n\n<p>party.allmandring23(at)gmail.com<\/p>","protected":false},"excerpt":{"rendered":"<p>Ist es Zeit f\u00fcr die n\u00e4chste WG Party, eine ruhige Runde grillen oder mit Freunden Fu\u00dfball schauen? Du hast aber nicht das passende Equipment am Start? Kein Problem!Das Partytutorium stellt den Bewohnern der Wohnheime Allmandring 2 und 3 kostenlos eine Vielzahl von n\u00fctzlichen Gegenst\u00e4nden und Ger\u00e4ten zur Verf\u00fcgung, damit eure n\u00e4chste Geburtstagsparty der Hit wird. [&hellip;]<\/p>\n","protected":false},"author":1,"featured_media":0,"parent":0,"menu_order":0,"comment_status":"closed","ping_status":"closed","template":"","meta":{"footnotes":""},"class_list":["post-44","page","type-page","status-publish","hentry"],"_links":{"self":[{"href":"https:\/\/allmandring-23.de\/en\/wp-json\/wp\/v2\/pages\/44","targetHints":{"allow":["GET"]}}],"collection":[{"href":"https:\/\/allmandring-23.de\/en\/wp-json\/wp\/v2\/pages"}],"about":[{"href":"https:\/\/allmandring-23.de\/en\/wp-json\/wp\/v2\/types\/page"}],"author":[{"embeddable":true,"href":"https:\/\/allmandring-23.de\/en\/wp-json\/wp\/v2\/users\/1"}],"replies":[{"embeddable":true,"href":"https:\/\/allmandring-23.de\/en\/wp-json\/wp\/v2\/comments?post=44"}],"version-history":[{"count":13,"href":"https:\/\/allmandring-23.de\/en\/wp-json\/wp\/v2\/pages\/44\/revisions"}],"predecessor-version":[{"id":311,"href":"https:\/\/allmandring-23.de\/en\/wp-json\/wp\/v2\/pages\/44\/revisions\/311"}],"wp:attachment":[{"href":"https:\/\/allmandring-23.de\/en\/wp-json\/wp\/v2\/media?parent=44"}],"curies":[{"name":"wp","href":"https:\/\/api.w.org\/{rel}","templated":true}]}}