{"id":46,"date":"2021-11-14T22:29:41","date_gmt":"2021-11-14T22:29:41","guid":{"rendered":"https:\/\/allmandring-23.de\/?page_id=46"},"modified":"2025-03-29T12:41:56","modified_gmt":"2025-03-29T12:41:56","slug":"sport-haushalt-und-spieletutorium","status":"publish","type":"page","link":"https:\/\/allmandring-23.de\/en\/sport-haushalt-und-spieletutorium\/","title":{"rendered":"Sports, household and games tutorial"},"content":{"rendered":"<p><\/p>\n\n\n\n<div class=\"wp-block-columns is-layout-flex wp-container-core-columns-is-layout-9d6595d7 wp-block-columns-is-layout-flex\">\n<div class=\"wp-block-column is-layout-flow wp-block-column-is-layout-flow\" style=\"flex-basis:33.33%\">\n<figure class=\"wp-block-image size-full\"><img loading=\"lazy\" decoding=\"async\" width=\"686\" height=\"686\" src=\"https:\/\/allmandring-23.de\/wp-content\/uploads\/2021\/11\/shs3.png\" alt=\"\" class=\"wp-image-182\" srcset=\"https:\/\/allmandring-23.de\/wp-content\/uploads\/2021\/11\/shs3.png 686w, https:\/\/allmandring-23.de\/wp-content\/uploads\/2021\/11\/shs3-300x300.png 300w, https:\/\/allmandring-23.de\/wp-content\/uploads\/2021\/11\/shs3-150x150.png 150w\" sizes=\"auto, (max-width: 686px) 100vw, 686px\" \/><\/figure>\n<\/div>\n\n\n\n<div class=\"wp-block-column is-layout-flow wp-block-column-is-layout-flow\" style=\"flex-basis:66.66%\">\n<p>Nothing to do, Wi-Fi gone or Netflix broken? Friends are coming over and you have no idea what to do with yourself? Then we have a large selection of board and parlour games waiting for you!<\/p>\n\n\n\n<p>You can also borrow some household utensils from us.<\/p>\n\n\n\n<p>Fancy doing some sport again? For a small deposit, you can borrow various sports equipment. So there's nothing to stop you from playing volleyball, basketball or football again if you don't have a ball at hand.<\/p>\n\n\n\n<p>And a ball pump is also available for flat balls!<\/p>\n\n\n\n<p>The exact inventory list can be found here: <\/p>\n\n\n\n<p><a href=\"https:\/\/allmandring-23.de\/wp-content\/uploads\/2025\/03\/inventarliste_ssh_03_2025.pdf\">SSH_Inventarliste_03_25<\/a><\/p>\n<\/div>\n<\/div>\n\n\n\n<p>Enquiries by mail:<\/p>\n\n\n\n<ul class=\"wp-block-social-links is-layout-flex wp-block-social-links-is-layout-flex\"><li class=\"wp-social-link wp-social-link-mail  wp-block-social-link\"><a href=\"mailto:&#115;&#104;&#115;.&#097;&#108;&#108;m&#097;nd&#114;&#105;&#110;g2&#051;&#064;&#103;m&#097;i&#108;.com\" class=\"wp-block-social-link-anchor\"><svg width=\"24\" height=\"24\" viewbox=\"0 0 24 24\" version=\"1.1\" xmlns=\"http:\/\/www.w3.org\/2000\/svg\" aria-hidden=\"true\" focusable=\"false\"><path d=\"M19,5H5c-1.1,0-2,.9-2,2v10c0,1.1.9,2,2,2h14c1.1,0,2-.9,2-2V7c0-1.1-.9-2-2-2zm.5,12c0,.3-.2.5-.5.5H5c-.3,0-.5-.2-.5-.5V9.8l7.5,5.6,7.5-5.6V17zm0-9.1L12,13.6,4.5,7.9V7c0-.3.2-.5.5-.5h14c.3,0,.5.2.5.5v.9z\"><\/path><\/svg><span class=\"wp-block-social-link-label screen-reader-text\">Mail<\/span><\/a><\/li><\/ul>\n\n\n\n<p>shs.allmandring23(at)gmail.com <\/p>","protected":false},"excerpt":{"rendered":"<p>Nix zu tun, WLAN weg oder Netflix kaputt? Freunde stehen vor der T\u00fcr und ihr habt keine Ahnung was ihr mit euch anfangen sollt? Dann wartet bei uns eine eine gro\u00dfen Auswahl an Brett- und Gesellschaftsspielen auf euch! Auch einige Haushaltsutensilien k\u00f6nnt ihr bei uns ausleihen. Lust mal wieder Sport zu machen? Gegen eine kleine [&hellip;]<\/p>\n","protected":false},"author":1,"featured_media":0,"parent":0,"menu_order":0,"comment_status":"closed","ping_status":"closed","template":"","meta":{"footnotes":""},"class_list":["post-46","page","type-page","status-publish","hentry"],"_links":{"self":[{"href":"https:\/\/allmandring-23.de\/en\/wp-json\/wp\/v2\/pages\/46","targetHints":{"allow":["GET"]}}],"collection":[{"href":"https:\/\/allmandring-23.de\/en\/wp-json\/wp\/v2\/pages"}],"about":[{"href":"https:\/\/allmandring-23.de\/en\/wp-json\/wp\/v2\/types\/page"}],"author":[{"embeddable":true,"href":"https:\/\/allmandring-23.de\/en\/wp-json\/wp\/v2\/users\/1"}],"replies":[{"embeddable":true,"href":"https:\/\/allmandring-23.de\/en\/wp-json\/wp\/v2\/comments?post=46"}],"version-history":[{"count":13,"href":"https:\/\/allmandring-23.de\/en\/wp-json\/wp\/v2\/pages\/46\/revisions"}],"predecessor-version":[{"id":509,"href":"https:\/\/allmandring-23.de\/en\/wp-json\/wp\/v2\/pages\/46\/revisions\/509"}],"wp:attachment":[{"href":"https:\/\/allmandring-23.de\/en\/wp-json\/wp\/v2\/media?parent=46"}],"curies":[{"name":"wp","href":"https:\/\/api.w.org\/{rel}","templated":true}]}}